{"id":640,"date":"2024-03-12T16:42:06","date_gmt":"2024-03-12T16:42:06","guid":{"rendered":"http:\/\/cpc.webhostusp.sti.usp.br\/?page_id=640"},"modified":"2024-07-19T22:05:49","modified_gmt":"2024-07-19T22:05:49","slug":"roteiros-do-patrimonio-da-usp","status":"publish","type":"page","link":"https:\/\/cpc.webhostusp.sti.usp.br\/index.php\/roteiros-do-patrimonio-da-usp\/","title":{"rendered":"Roteiros do patrim\u00f4nio da USP"},"content":{"rendered":"\n<p>O projeto <strong>Roteiros do Patrim\u00f4nio da USP<\/strong> \u00e9 uma realiza\u00e7\u00e3o do Centro de Preserva\u00e7\u00e3o Cultural \u2013 Casa de Dona Yay\u00e1 que tem como miss\u00e3o colaborar no reconhecimento, preserva\u00e7\u00e3o, salvaguarda e difus\u00e3o dos bens culturais da Universidade de S\u00e3o Paulo. O projeto consiste na estrutura\u00e7\u00e3o de itiner\u00e1rios que s\u00e3o um convite \u00e0 visita\u00e7\u00e3o e \u00e0 reflex\u00e3o sobre o patrim\u00f4nio cultural universit\u00e1rio. Os Roteiros procuram fomentar o conhecimento sobre a hist\u00f3ria da USP, apresentando espa\u00e7os de particular import\u00e2ncia cujas informa\u00e7\u00f5es s\u00e3o organizadas em tr\u00eas eixos: valores e mem\u00f3rias, hist\u00f3ria material e seus usos. Atualmente s\u00e3o oferecidos tr\u00eas Roteiros: no <strong>Campus Butant\u00e3,<\/strong> no<strong> Centro de S\u00e3o Paulo<\/strong> e no <strong>Campus S\u00e3o Carlos.<\/strong><\/p>\n\n\n\n<p>\u00c1udio-guias e informa\u00e7\u00f5es complementares \u00e0quelas encontradas em cada roteiro encontram-se abaixo.<\/p>\n\n\n\n<h2 class=\"wp-block-heading\">livretos<\/h2>\n\n\n\n<p>Os livretos abaixo est\u00e3o dispon\u00edveis para download no <a href=\"https:\/\/www.livrosabertos.abcd.usp.br\/portaldelivrosUSP\/catalog\/series\/RoteirosCPCUSP\" data-type=\"link\" data-id=\"https:\/\/www.livrosabertos.abcd.usp.br\/portaldelivrosUSP\/catalog\/series\/RoteirosCPCUSP\">Portal de Livros abertos da USP<\/a>.<\/p>\n\n\n\n<figure class=\"wp-block-gallery has-nested-images columns-default is-cropped wp-block-gallery-1 is-layout-flex wp-block-gallery-is-layout-flex\">\n<figure class=\"wp-block-image size-large\"><a href=\"https:\/\/www.livrosabertos.abcd.usp.br\/portaldelivrosUSP\/catalog\/book\/1351\"><img decoding=\"async\" loading=\"lazy\" width=\"188\" height=\"400\" data-id=\"824\" src=\"https:\/\/cpc.webhostusp.sti.usp.br\/wp-content\/uploads\/2024\/07\/roteiros_centro.png\" alt=\"\" class=\"wp-image-824\" srcset=\"https:\/\/cpc.webhostusp.sti.usp.br\/wp-content\/uploads\/2024\/07\/roteiros_centro.png 188w, https:\/\/cpc.webhostusp.sti.usp.br\/wp-content\/uploads\/2024\/07\/roteiros_centro-141x300.png 141w\" sizes=\"(max-width: 188px) 100vw, 188px\" \/><\/a><figcaption class=\"wp-element-caption\">Centro de S\u00e3o Paulo<\/figcaption><\/figure>\n\n\n\n<figure class=\"wp-block-image size-large\"><a href=\"https:\/\/www.livrosabertos.abcd.usp.br\/portaldelivrosUSP\/catalog\/book\/1349\"><img decoding=\"async\" loading=\"lazy\" width=\"189\" height=\"400\" data-id=\"825\" src=\"https:\/\/cpc.webhostusp.sti.usp.br\/wp-content\/uploads\/2024\/07\/roteiros_butanta.jpg\" alt=\"\" class=\"wp-image-825\" srcset=\"https:\/\/cpc.webhostusp.sti.usp.br\/wp-content\/uploads\/2024\/07\/roteiros_butanta.jpg 189w, https:\/\/cpc.webhostusp.sti.usp.br\/wp-content\/uploads\/2024\/07\/roteiros_butanta-142x300.jpg 142w\" sizes=\"(max-width: 189px) 100vw, 189px\" \/><\/a><figcaption class=\"wp-element-caption\">Campus Butant\u00e3<\/figcaption><\/figure>\n\n\n\n<figure class=\"wp-block-image size-large\"><a href=\"https:\/\/www.livrosabertos.abcd.usp.br\/portaldelivrosUSP\/catalog\/book\/1350\"><img decoding=\"async\" loading=\"lazy\" width=\"189\" height=\"400\" data-id=\"826\" src=\"https:\/\/cpc.webhostusp.sti.usp.br\/wp-content\/uploads\/2024\/07\/roteiros_sc.jpg\" alt=\"\" class=\"wp-image-826\" srcset=\"https:\/\/cpc.webhostusp.sti.usp.br\/wp-content\/uploads\/2024\/07\/roteiros_sc.jpg 189w, https:\/\/cpc.webhostusp.sti.usp.br\/wp-content\/uploads\/2024\/07\/roteiros_sc-142x300.jpg 142w\" sizes=\"(max-width: 189px) 100vw, 189px\" \/><\/a><figcaption class=\"wp-element-caption\">Campus S\u00e3o Carlos<\/figcaption><\/figure>\n<\/figure>\n\n\n\n<h2 class=\"wp-block-heading\">inscri\u00e7\u00f5es<\/h2>\n\n\n\n<p>Inscreva-se para os roteiros mediados pela equipe do CPC <a href=\"https:\/\/docs.google.com\/forms\/d\/e\/1FAIpQLSccvF6J3W1XOlFhl3DFiszzRTMmc5On8Rjtm1j5rgK8-z85fg\/viewform\" data-type=\"link\" data-id=\"https:\/\/docs.google.com\/forms\/d\/e\/1FAIpQLSccvF6J3W1XOlFhl3DFiszzRTMmc5On8Rjtm1j5rgK8-z85fg\/viewform\">neste formul\u00e1rio<\/a>.<\/p>\n\n\n\n<div class=\"wp-block-group has-background is-layout-constrained wp-block-group-is-layout-constrained\" style=\"background-color:#dcd7cd\"><div class=\"wp-block-group__inner-container\">\n<h2 class=\"wp-block-heading\">Informa\u00e7\u00f5es complementares<\/h2>\n\n\n\n<p>Conhe\u00e7a mais a respeito de alguns dos bens presentes em cada um de nossos roteiros.<\/p>\n\n\n\n<div class=\"wp-block-columns is-layout-flex wp-container-6 wp-block-columns-is-layout-flex\">\n<div class=\"wp-block-column is-layout-flow wp-block-column-is-layout-flow\">\n<figure class=\"wp-block-image size-large\"><a href=\"https:\/\/cpc.webhostusp.sti.usp.br\/wp-content\/uploads\/2024\/03\/complemento_CENTRO.pdf\" target=\"_blank\" rel=\"noreferrer noopener\"><img decoding=\"async\" loading=\"lazy\" width=\"724\" height=\"1024\" src=\"http:\/\/cpc.webhostusp.sti.usp.br\/wp-content\/uploads\/2024\/03\/roteiro_complemento_centro-724x1024.png\" alt=\"\" class=\"wp-image-649\" srcset=\"https:\/\/cpc.webhostusp.sti.usp.br\/wp-content\/uploads\/2024\/03\/roteiro_complemento_centro-724x1024.png 724w, https:\/\/cpc.webhostusp.sti.usp.br\/wp-content\/uploads\/2024\/03\/roteiro_complemento_centro-212x300.png 212w, https:\/\/cpc.webhostusp.sti.usp.br\/wp-content\/uploads\/2024\/03\/roteiro_complemento_centro-768x1086.png 768w, https:\/\/cpc.webhostusp.sti.usp.br\/wp-content\/uploads\/2024\/03\/roteiro_complemento_centro-1086x1536.png 1086w, https:\/\/cpc.webhostusp.sti.usp.br\/wp-content\/uploads\/2024\/03\/roteiro_complemento_centro-1448x2048.png 1448w, https:\/\/cpc.webhostusp.sti.usp.br\/wp-content\/uploads\/2024\/03\/roteiro_complemento_centro-1320x1867.png 1320w\" sizes=\"(max-width: 724px) 100vw, 724px\" \/><\/a><\/figure>\n\n\n\n<p class=\"has-text-align-center\"><a href=\"https:\/\/cpc.webhostusp.sti.usp.br\/wp-content\/uploads\/2024\/03\/complemento_CENTRO.pdf\" data-type=\"attachment\" data-id=\"668\"><em>Centro de S\u00e3o Paulo<br><\/em>PDF<\/a><\/p>\n<\/div>\n\n\n\n<div class=\"wp-block-column is-layout-flow wp-block-column-is-layout-flow\">\n<figure class=\"wp-block-image size-large\"><a href=\"https:\/\/cpc.webhostusp.sti.usp.br\/wp-content\/uploads\/2024\/03\/complemento_BUTANTA.pdf\"><img decoding=\"async\" loading=\"lazy\" width=\"724\" height=\"1024\" src=\"http:\/\/cpc.webhostusp.sti.usp.br\/wp-content\/uploads\/2024\/03\/roteiro_complemento_cuaso-724x1024.png\" alt=\"\" class=\"wp-image-650\" srcset=\"https:\/\/cpc.webhostusp.sti.usp.br\/wp-content\/uploads\/2024\/03\/roteiro_complemento_cuaso-724x1024.png 724w, https:\/\/cpc.webhostusp.sti.usp.br\/wp-content\/uploads\/2024\/03\/roteiro_complemento_cuaso-212x300.png 212w, https:\/\/cpc.webhostusp.sti.usp.br\/wp-content\/uploads\/2024\/03\/roteiro_complemento_cuaso-768x1086.png 768w, https:\/\/cpc.webhostusp.sti.usp.br\/wp-content\/uploads\/2024\/03\/roteiro_complemento_cuaso-1086x1536.png 1086w, https:\/\/cpc.webhostusp.sti.usp.br\/wp-content\/uploads\/2024\/03\/roteiro_complemento_cuaso-1448x2048.png 1448w, https:\/\/cpc.webhostusp.sti.usp.br\/wp-content\/uploads\/2024\/03\/roteiro_complemento_cuaso-1320x1867.png 1320w\" sizes=\"(max-width: 724px) 100vw, 724px\" \/><\/a><\/figure>\n\n\n\n<p class=\"has-text-align-center\"><a href=\"https:\/\/cpc.webhostusp.sti.usp.br\/wp-content\/uploads\/2024\/03\/complemento_BUTANTA.pdf\" data-type=\"attachment\" data-id=\"667\"><em>Campus Butant\u00e3<br><\/em>PDF<\/a><\/p>\n<\/div>\n\n\n\n<div class=\"wp-block-column is-layout-flow wp-block-column-is-layout-flow\">\n<figure class=\"wp-block-image size-large\"><a href=\"https:\/\/cpc.webhostusp.sti.usp.br\/wp-content\/uploads\/2024\/03\/complemento_SC.pdf\"><img decoding=\"async\" loading=\"lazy\" width=\"724\" height=\"1024\" src=\"http:\/\/cpc.webhostusp.sti.usp.br\/wp-content\/uploads\/2024\/03\/roteiro_complemento_sc-724x1024.png\" alt=\"\" class=\"wp-image-652\" srcset=\"https:\/\/cpc.webhostusp.sti.usp.br\/wp-content\/uploads\/2024\/03\/roteiro_complemento_sc-724x1024.png 724w, https:\/\/cpc.webhostusp.sti.usp.br\/wp-content\/uploads\/2024\/03\/roteiro_complemento_sc-212x300.png 212w, https:\/\/cpc.webhostusp.sti.usp.br\/wp-content\/uploads\/2024\/03\/roteiro_complemento_sc-768x1086.png 768w, https:\/\/cpc.webhostusp.sti.usp.br\/wp-content\/uploads\/2024\/03\/roteiro_complemento_sc-1086x1536.png 1086w, https:\/\/cpc.webhostusp.sti.usp.br\/wp-content\/uploads\/2024\/03\/roteiro_complemento_sc-1448x2048.png 1448w, https:\/\/cpc.webhostusp.sti.usp.br\/wp-content\/uploads\/2024\/03\/roteiro_complemento_sc-1320x1867.png 1320w\" sizes=\"(max-width: 724px) 100vw, 724px\" \/><\/a><\/figure>\n\n\n\n<p class=\"has-text-align-center\"><a href=\"https:\/\/cpc.webhostusp.sti.usp.br\/wp-content\/uploads\/2024\/03\/complemento_SC.pdf\" data-type=\"attachment\" data-id=\"669\"><em>Campus S\u00e3o Carlos<br><\/em>PDF<\/a><\/p>\n<\/div>\n<\/div>\n<\/div><\/div>\n\n\n\n<div style=\"height:45px\" aria-hidden=\"true\" class=\"wp-block-spacer\"><\/div>\n\n\n\n<div class=\"wp-block-group has-background is-layout-constrained wp-block-group-is-layout-constrained\" style=\"background-color:#dcd7cd\"><div class=\"wp-block-group__inner-container\">\n<h2 class=\"wp-block-heading\">\u00c1udio-guias<\/h2>\n\n\n\n<p>Enrique\u00e7a sua experi\u00eancia ouvindo os \u00e1udios abaixo ao visitar os bens culturais listados em nossos roteiros.<\/p>\n\n\n\n<figure class=\"wp-block-embed is-type-rich is-provider-spotify wp-block-embed-spotify wp-embed-aspect-21-9 wp-has-aspect-ratio\"><div class=\"wp-block-embed__wrapper\">\n<iframe title=\"Spotify Embed: 1. Faculdade de Direito \u2014 Largo S\u00e3o Francisco\" style=\"border-radius: 12px\" width=\"100%\" height=\"152\" frameborder=\"0\" allowfullscreen allow=\"autoplay; clipboard-write; encrypted-media; fullscreen; picture-in-picture\" loading=\"lazy\" src=\"https:\/\/open.spotify.com\/embed\/episode\/6lAQURNu7Qi9zI2KadfgX8?si=sEtWpuDFQUezgZodhqCbtA&#038;utm_source=oembed\"><\/iframe>\n<\/div><\/figure>\n\n\n\n<figure class=\"wp-block-embed is-type-rich is-provider-spotify wp-block-embed-spotify wp-embed-aspect-21-9 wp-has-aspect-ratio\"><div class=\"wp-block-embed__wrapper\">\n<iframe title=\"Spotify Embed: 2. Movimentos de moradia\" style=\"border-radius: 12px\" width=\"100%\" height=\"152\" frameborder=\"0\" allowfullscreen allow=\"autoplay; clipboard-write; encrypted-media; fullscreen; picture-in-picture\" loading=\"lazy\" src=\"https:\/\/open.spotify.com\/embed\/episode\/5ZThh88Wx1GuUNHNK0NUTw?si=79c46c286fbb4047&#038;utm_source=oembed\"><\/iframe>\n<\/div><\/figure>\n\n\n\n<figure class=\"wp-block-embed is-type-rich is-provider-spotify wp-block-embed-spotify wp-embed-aspect-21-9 wp-has-aspect-ratio\"><div class=\"wp-block-embed__wrapper\">\n<iframe title=\"Spotify Embed: 3. Casa de Dona Yay\u00e1\" style=\"border-radius: 12px\" width=\"100%\" height=\"152\" frameborder=\"0\" allowfullscreen allow=\"autoplay; clipboard-write; encrypted-media; fullscreen; picture-in-picture\" loading=\"lazy\" src=\"https:\/\/open.spotify.com\/embed\/episode\/6diKEdW54cKwAcp7HYuRfC?si=66868ebaa8c24a5d&#038;utm_source=oembed\"><\/iframe>\n<\/div><\/figure>\n\n\n\n<figure class=\"wp-block-embed is-type-rich is-provider-spotify wp-block-embed-spotify wp-embed-aspect-21-9 wp-has-aspect-ratio\"><div class=\"wp-block-embed__wrapper\">\n<iframe title=\"Spotify Embed: 4. Pra\u00e7a Roosevelt\" style=\"border-radius: 12px\" width=\"100%\" height=\"152\" frameborder=\"0\" allowfullscreen allow=\"autoplay; clipboard-write; encrypted-media; fullscreen; picture-in-picture\" loading=\"lazy\" src=\"https:\/\/open.spotify.com\/embed\/episode\/24IHmCbolz8mNwQ9MGdCkL?si=a955fd81c9054e00&#038;utm_source=oembed\"><\/iframe>\n<\/div><\/figure>\n\n\n\n<figure class=\"wp-block-embed is-type-rich is-provider-spotify wp-block-embed-spotify wp-embed-aspect-21-9 wp-has-aspect-ratio\"><div class=\"wp-block-embed__wrapper\">\n<iframe title=\"Spotify Embed: 5. Centro Universit\u00e1rio Maria Antonia (Ceuma)\" style=\"border-radius: 12px\" width=\"100%\" height=\"152\" frameborder=\"0\" allowfullscreen allow=\"autoplay; clipboard-write; encrypted-media; fullscreen; picture-in-picture\" loading=\"lazy\" src=\"https:\/\/open.spotify.com\/embed\/episode\/6L3PgyM0lOXhtCMse26UWL?si=04fba4d6eb684535&#038;utm_source=oembed\"><\/iframe>\n<\/div><\/figure>\n\n\n\n<figure class=\"wp-block-embed is-type-rich is-provider-spotify wp-block-embed-spotify wp-embed-aspect-21-9 wp-has-aspect-ratio\"><div class=\"wp-block-embed__wrapper\">\n<iframe title=\"Spotify Embed: 6. Vila Penteado \u2014 Faculdade de Arquitetura e Urbanismo na Rua Maranh\u00e3o\" style=\"border-radius: 12px\" width=\"100%\" height=\"152\" frameborder=\"0\" allowfullscreen allow=\"autoplay; clipboard-write; encrypted-media; fullscreen; picture-in-picture\" loading=\"lazy\" src=\"https:\/\/open.spotify.com\/embed\/episode\/0o0Xd73cRX0E46OJSrrbrr?si=150ffb20e6b14409&#038;utm_source=oembed\"><\/iframe>\n<\/div><\/figure>\n<\/div><\/div>\n\n\n\n<p><\/p>\n","protected":false},"excerpt":{"rendered":"<p>O projeto Roteiros do Patrim\u00f4nio da USP \u00e9 uma realiza\u00e7\u00e3o do Centro de Preserva\u00e7\u00e3o Cultural \u2013 Casa de Dona Yay\u00e1 que tem como miss\u00e3o colaborar no reconhecimento, preserva\u00e7\u00e3o, salvaguarda e difus\u00e3o dos bens culturais da Universidade de S\u00e3o Paulo. O projeto consiste na estrutura\u00e7\u00e3o de itiner\u00e1rios que s\u00e3o um convite \u00e0 visita\u00e7\u00e3o e \u00e0 reflex\u00e3o &hellip; <\/p>\n<p class=\"link-more\"><a href=\"https:\/\/cpc.webhostusp.sti.usp.br\/index.php\/roteiros-do-patrimonio-da-usp\/\" class=\"more-link\">Continue reading<span class=\"screen-reader-text\"> &#8220;Roteiros do patrim\u00f4nio da USP&#8221;<\/span><\/a><\/p>\n","protected":false},"author":2,"featured_media":0,"parent":0,"menu_order":0,"comment_status":"closed","ping_status":"closed","template":"","meta":{"_mi_skip_tracking":false,"footnotes":""},"_links":{"self":[{"href":"https:\/\/cpc.webhostusp.sti.usp.br\/index.php\/wp-json\/wp\/v2\/pages\/640"}],"collection":[{"href":"https:\/\/cpc.webhostusp.sti.usp.br\/index.php\/wp-json\/wp\/v2\/pages"}],"about":[{"href":"https:\/\/cpc.webhostusp.sti.usp.br\/index.php\/wp-json\/wp\/v2\/types\/page"}],"author":[{"embeddable":true,"href":"https:\/\/cpc.webhostusp.sti.usp.br\/index.php\/wp-json\/wp\/v2\/users\/2"}],"replies":[{"embeddable":true,"href":"https:\/\/cpc.webhostusp.sti.usp.br\/index.php\/wp-json\/wp\/v2\/comments?post=640"}],"version-history":[{"count":20,"href":"https:\/\/cpc.webhostusp.sti.usp.br\/index.php\/wp-json\/wp\/v2\/pages\/640\/revisions"}],"predecessor-version":[{"id":827,"href":"https:\/\/cpc.webhostusp.sti.usp.br\/index.php\/wp-json\/wp\/v2\/pages\/640\/revisions\/827"}],"wp:attachment":[{"href":"https:\/\/cpc.webhostusp.sti.usp.br\/index.php\/wp-json\/wp\/v2\/media?parent=640"}],"curies":[{"name":"wp","href":"https:\/\/api.w.org\/{rel}","templated":true}]}}