{"id":1069,"date":"2025-09-22T19:21:38","date_gmt":"2025-09-22T19:21:38","guid":{"rendered":"https:\/\/cpc.webhostusp.sti.usp.br\/?page_id=1069"},"modified":"2025-09-22T19:45:26","modified_gmt":"2025-09-22T19:45:26","slug":"politica-de-acervos-consideracoes","status":"publish","type":"page","link":"https:\/\/cpc.webhostusp.sti.usp.br\/index.php\/politica-de-acervos-consideracoes\/","title":{"rendered":"Pol\u00edtica de acervos: CONSIDERA\u00c7\u00d5ES"},"content":{"rendered":"\n<p>Estabelecemos a seguinte Pol\u00edtica de Acervos para a Universidade de S\u00e3o Paulo a partir das seguintes considera\u00e7\u00f5es:<\/p>\n\n\n\n<ul>\n<li>que o compromisso com a afirma\u00e7\u00e3o de uma universidade p\u00fablica e gratuita, cujo conhecimento \u00e9 produzido de modo articulado pelo ensino, pela pesquisa, pela extens\u00e3o e pela inclus\u00e3o, busca ampliar e fortalecer os princ\u00edpios democr\u00e1ticos;<\/li>\n\n\n\n<li>que a produ\u00e7\u00e3o universit\u00e1ria se constitui com um patrim\u00f4nio n\u00e3o apenas da USP, mas de toda a sociedade;<\/li>\n\n\n\n<li>que os acervos da Universidade de S\u00e3o Paulo possuem import\u00e2ncia fundamental para o ensino, a pesquisa, a extens\u00e3o, a inclus\u00e3o, a mem\u00f3ria e a preserva\u00e7\u00e3o de seu patrim\u00f4nio;<\/li>\n\n\n\n<li>que os acervos s\u00e3o a materializa\u00e7\u00e3o da pesquisa e da produ\u00e7\u00e3o acad\u00eamica uspiana e funcionam como elo entre a as atividades cient\u00edficas e a sociedade, contribuindo para a compreens\u00e3o social sobre a import\u00e2ncia da exist\u00eancia da universidade p\u00fablica;<\/li>\n\n\n\n<li>o marco normativo internacional e nacional vigente sobre o universo dos acervos, em suas diversas especificidades, bem como todas as cartas, documentos e marcos doutrin\u00e1rios estabelecidos em torno do patrim\u00f4nio cultural universit\u00e1rio \u2014 em especial o artigo 216 da Constitui\u00e7\u00e3o Federal, a Carta Patrimonial da USP e tomando como refer\u00eancia os seguintes documentos: Recomenda\u00e7\u00f5es do Conselho da Europa para a gest\u00e3o e governan\u00e7a do patrim\u00f4nio universit\u00e1rio; Diretrizes para uma pol\u00edtica de museus e acervos do f\u00f3rum permanente de museus universit\u00e1rios; Pol\u00edtica de mem\u00f3ria institucional da Fiocruz e pol\u00edticas de acervos de universidades federais brasileiras;<\/li>\n\n\n\n<li>a relev\u00e2ncia e heterogeneidade dos cerca de cem acervos reconhecidos em levantamento produzido pelo CPC USP no <em>Guia de Museus e Acervos da USP.<\/em><\/li>\n<\/ul>\n\n\n\n<hr class=\"wp-block-separator has-alpha-channel-opacity\"\/>\n\n\n\n<div class=\"wp-block-buttons is-content-justification-center is-layout-flex wp-container-1 wp-block-buttons-is-layout-flex\">\n<div class=\"wp-block-button\"><a class=\"wp-block-button__link wp-element-button\" href=\"https:\/\/cpc.webhostusp.sti.usp.br\/index.php\/politica-de-acervos-para-a-universidade-de-sao-paulo\/\">POL\u00cdTICA DE ACERVOS<\/a><\/div>\n<\/div>\n","protected":false},"excerpt":{"rendered":"<p>Estabelecemos a seguinte Pol\u00edtica de Acervos para a Universidade de S\u00e3o Paulo a partir das seguintes considera\u00e7\u00f5es:<\/p>\n","protected":false},"author":2,"featured_media":0,"parent":0,"menu_order":0,"comment_status":"closed","ping_status":"closed","template":"","meta":{"_mi_skip_tracking":false,"footnotes":""},"_links":{"self":[{"href":"https:\/\/cpc.webhostusp.sti.usp.br\/index.php\/wp-json\/wp\/v2\/pages\/1069"}],"collection":[{"href":"https:\/\/cpc.webhostusp.sti.usp.br\/index.php\/wp-json\/wp\/v2\/pages"}],"about":[{"href":"https:\/\/cpc.webhostusp.sti.usp.br\/index.php\/wp-json\/wp\/v2\/types\/page"}],"author":[{"embeddable":true,"href":"https:\/\/cpc.webhostusp.sti.usp.br\/index.php\/wp-json\/wp\/v2\/users\/2"}],"replies":[{"embeddable":true,"href":"https:\/\/cpc.webhostusp.sti.usp.br\/index.php\/wp-json\/wp\/v2\/comments?post=1069"}],"version-history":[{"count":2,"href":"https:\/\/cpc.webhostusp.sti.usp.br\/index.php\/wp-json\/wp\/v2\/pages\/1069\/revisions"}],"predecessor-version":[{"id":1095,"href":"https:\/\/cpc.webhostusp.sti.usp.br\/index.php\/wp-json\/wp\/v2\/pages\/1069\/revisions\/1095"}],"wp:attachment":[{"href":"https:\/\/cpc.webhostusp.sti.usp.br\/index.php\/wp-json\/wp\/v2\/media?parent=1069"}],"curies":[{"name":"wp","href":"https:\/\/api.w.org\/{rel}","templated":true}]}}