{"id":1010,"date":"2025-05-12T22:45:29","date_gmt":"2025-05-12T22:45:29","guid":{"rendered":"https:\/\/cpc.webhostusp.sti.usp.br\/?page_id=1010"},"modified":"2025-08-05T20:50:51","modified_gmt":"2025-08-05T20:50:51","slug":"guias-cpc","status":"publish","type":"page","link":"https:\/\/cpc.webhostusp.sti.usp.br\/index.php\/guias-cpc\/","title":{"rendered":"Guias CPC"},"content":{"rendered":"\n<p>Os <strong>Guias CPC<\/strong> apresentam de forma resumida os invent\u00e1rios de bens culturais da Universidade de S\u00e3o Paulo promovidos pelo \u00f3rg\u00e3o. Trata-se de uma s\u00e9rie voltada \u00e0 difus\u00e3o do conhecimento acumulado sobre cada um dos bens culturais da USP, apresentando de forma concisa as informa\u00e7\u00f5es reunidas em nossas bases de dados sobre o patrim\u00f4nio cultural universit\u00e1rio.<\/p>\n\n\n\n<p>Cada <strong>Guia <\/strong>apresenta uma das tipologias de patrim\u00f4nio cultural presentes na Universidade, constituindo-se de instrumento de refer\u00eancia para pesquisadores e interessados no patrim\u00f4nio cultural da USP.<\/p>\n\n\n\n<div class=\"wp-block-group is-nowrap is-layout-flex wp-container-1 wp-block-group-is-layout-flex\">\n<figure class=\"wp-block-image size-large is-resized\"><a href=\"https:\/\/www.livrosabertos.abcd.usp.br\/portaldelivrosUSP\/catalog\/book\/1647\" target=\"_blank\" rel=\"noreferrer noopener\"><img decoding=\"async\" loading=\"lazy\" src=\"http:\/\/cpc.webhostusp.sti.usp.br\/wp-content\/uploads\/2025\/05\/202505_guiabenstombados_CAPA-488x1024.png\" alt=\"\" class=\"wp-image-1014\" style=\"object-fit:contain;width:333px;height:699px\" width=\"333\" height=\"699\" srcset=\"https:\/\/cpc.webhostusp.sti.usp.br\/wp-content\/uploads\/2025\/05\/202505_guiabenstombados_CAPA-488x1024.png 488w, https:\/\/cpc.webhostusp.sti.usp.br\/wp-content\/uploads\/2025\/05\/202505_guiabenstombados_CAPA-143x300.png 143w, https:\/\/cpc.webhostusp.sti.usp.br\/wp-content\/uploads\/2025\/05\/202505_guiabenstombados_CAPA.png 591w\" sizes=\"(max-width: 333px) 100vw, 333px\" \/><\/a><figcaption class=\"wp-element-caption\"><strong>Guia do patrim\u00f4nio tombado<\/strong><\/figcaption><\/figure>\n\n\n\n<figure class=\"wp-block-image size-large is-resized\"><a href=\"https:\/\/www.livrosabertos.abcd.usp.br\/portaldelivrosUSP\/catalog\/book\/1646\" target=\"_blank\" rel=\"noreferrer noopener\"><img decoding=\"async\" loading=\"lazy\" src=\"http:\/\/cpc.webhostusp.sti.usp.br\/wp-content\/uploads\/2025\/05\/202505_guiamuseus_CAPA-488x1024.png\" alt=\"\" class=\"wp-image-1012\" style=\"object-fit:contain;width:333px;height:703px\" width=\"333\" height=\"703\"\/><\/a><figcaption class=\"wp-element-caption\"><strong>Guia de museus e acervos<\/strong><\/figcaption><\/figure>\n<\/div>\n","protected":false},"excerpt":{"rendered":"<p>Os Guias CPC apresentam de forma resumida os invent\u00e1rios de bens culturais da Universidade de S\u00e3o Paulo promovidos pelo \u00f3rg\u00e3o. Trata-se de uma s\u00e9rie voltada \u00e0 difus\u00e3o do conhecimento acumulado sobre cada um dos bens culturais da USP, apresentando de forma concisa as informa\u00e7\u00f5es reunidas em nossas bases de dados sobre o patrim\u00f4nio cultural universit\u00e1rio. &hellip; <\/p>\n<p class=\"link-more\"><a href=\"https:\/\/cpc.webhostusp.sti.usp.br\/index.php\/guias-cpc\/\" class=\"more-link\">Continue reading<span class=\"screen-reader-text\"> &#8220;Guias CPC&#8221;<\/span><\/a><\/p>\n","protected":false},"author":2,"featured_media":0,"parent":0,"menu_order":0,"comment_status":"closed","ping_status":"closed","template":"","meta":{"_mi_skip_tracking":false,"footnotes":""},"_links":{"self":[{"href":"https:\/\/cpc.webhostusp.sti.usp.br\/index.php\/wp-json\/wp\/v2\/pages\/1010"}],"collection":[{"href":"https:\/\/cpc.webhostusp.sti.usp.br\/index.php\/wp-json\/wp\/v2\/pages"}],"about":[{"href":"https:\/\/cpc.webhostusp.sti.usp.br\/index.php\/wp-json\/wp\/v2\/types\/page"}],"author":[{"embeddable":true,"href":"https:\/\/cpc.webhostusp.sti.usp.br\/index.php\/wp-json\/wp\/v2\/users\/2"}],"replies":[{"embeddable":true,"href":"https:\/\/cpc.webhostusp.sti.usp.br\/index.php\/wp-json\/wp\/v2\/comments?post=1010"}],"version-history":[{"count":8,"href":"https:\/\/cpc.webhostusp.sti.usp.br\/index.php\/wp-json\/wp\/v2\/pages\/1010\/revisions"}],"predecessor-version":[{"id":1048,"href":"https:\/\/cpc.webhostusp.sti.usp.br\/index.php\/wp-json\/wp\/v2\/pages\/1010\/revisions\/1048"}],"wp:attachment":[{"href":"https:\/\/cpc.webhostusp.sti.usp.br\/index.php\/wp-json\/wp\/v2\/media?parent=1010"}],"curies":[{"name":"wp","href":"https:\/\/api.w.org\/{rel}","templated":true}]}}